{"id":267,"date":"2024-02-21T12:36:35","date_gmt":"2024-02-21T12:36:35","guid":{"rendered":"http:\/\/www.hydrogaz.pinmedia.com.pl\/?page_id=267"},"modified":"2024-02-29T14:22:57","modified_gmt":"2024-02-29T14:22:57","slug":"oferta","status":"publish","type":"page","link":"https:\/\/www.hydrogaz.pinmedia.com.pl\/index.php\/oferta\/","title":{"rendered":"Oferta"},"content":{"rendered":"\t\t<div data-elementor-type=\"wp-page\" data-elementor-id=\"267\" class=\"elementor elementor-267\" data-elementor-post-type=\"page\">\n\t\t\t\t<div class=\"elementor-element elementor-element-aea67b4 e-flex e-con-boxed e-con e-parent\" data-id=\"aea67b4\" data-element_type=\"container\" data-settings=\"{&quot;background_background&quot;:&quot;classic&quot;}\">\n\t\t\t\t\t<div class=\"e-con-inner\">\n\t\t<div class=\"elementor-element elementor-element-ddd553f e-con-full e-flex e-con e-child\" data-id=\"ddd553f\" data-element_type=\"container\">\n\t\t\t\t<div class=\"elementor-element elementor-element-a24d73a elementor-widget elementor-widget-heading\" data-id=\"a24d73a\" data-element_type=\"widget\" data-widget_type=\"heading.default\">\n\t\t\t\t<div class=\"elementor-widget-container\">\n\t\t\t<h2 class=\"elementor-heading-title elementor-size-default\">Oferta<\/h2>\t\t<\/div>\n\t\t\t\t<\/div>\n\t\t\t\t<div class=\"elementor-element elementor-element-f65f633 elementor-widget elementor-widget-text-editor\" data-id=\"f65f633\" data-element_type=\"widget\" data-widget_type=\"text-editor.default\">\n\t\t\t\t<div class=\"elementor-widget-container\">\n\t\t\t\t\t\t\t<p>Jeste\u015bmy producentem i dystrybutorem szafek gazowych ze stali kwasoodpornej o r\u00f3\u017cnych wymiarach. W naszej ofercie s\u0105 tak\u017ce szafki z \u017cywicy poliestrowej i w\u0142\u00f3kna szklanego.\u00a0<\/p>\t\t\t\t\t\t<\/div>\n\t\t\t\t<\/div>\n\t\t\t\t<\/div>\n\t\t<div class=\"elementor-element elementor-element-f65a59a e-con-full e-flex e-con e-child\" data-id=\"f65a59a\" data-element_type=\"container\">\n\t\t\t\t<\/div>\n\t\t\t\t\t<\/div>\n\t\t\t\t<\/div>\n\t\t<div class=\"elementor-element elementor-element-d83a635 e-flex e-con-boxed e-con e-parent\" data-id=\"d83a635\" data-element_type=\"container\">\n\t\t\t\t\t<div class=\"e-con-inner\">\n\t\t\t\t<div class=\"elementor-element elementor-element-6c6d11f elementor-widget elementor-widget-text-editor\" data-id=\"6c6d11f\" data-element_type=\"widget\" data-widget_type=\"text-editor.default\">\n\t\t\t\t<div class=\"elementor-widget-container\">\n\t\t\t\t\t\t\t<p>Zobacz nasze us\u0142ugi<\/p>\t\t\t\t\t\t<\/div>\n\t\t\t\t<\/div>\n\t\t\t\t\t<\/div>\n\t\t\t\t<\/div>\n\t\t<div class=\"elementor-element elementor-element-e1be49e e-flex e-con-boxed e-con e-parent\" data-id=\"e1be49e\" data-element_type=\"container\">\n\t\t\t\t\t<div class=\"e-con-inner\">\n\t\t<div class=\"elementor-element elementor-element-687f9c1 e-con-full e-flex e-con e-child\" data-id=\"687f9c1\" data-element_type=\"container\">\n\t\t<div class=\"elementor-element elementor-element-e47c6ad e-flex e-con-boxed e-con e-child\" data-id=\"e47c6ad\" data-element_type=\"container\">\n\t\t\t\t\t<div class=\"e-con-inner\">\n\t\t<div class=\"elementor-element elementor-element-0d6c6b0 e-con-full e-flex e-con e-child\" data-id=\"0d6c6b0\" data-element_type=\"container\">\n\t\t\t\t<div class=\"elementor-element elementor-element-bcf30ca elementor-widget elementor-widget-image\" data-id=\"bcf30ca\" data-element_type=\"widget\" data-widget_type=\"image.default\">\n\t\t\t\t<div class=\"elementor-widget-container\">\n\t\t\t\t\t\t\t\t\t\t\t\t\t<img decoding=\"async\" width=\"184\" height=\"185\" src=\"https:\/\/www.hydrogaz.pinmedia.com.pl\/wp-content\/uploads\/2024\/02\/ikona-01a.png\" class=\"attachment-large size-large wp-image-111\" alt=\"\" srcset=\"https:\/\/www.hydrogaz.pinmedia.com.pl\/wp-content\/uploads\/2024\/02\/ikona-01a.png 184w, https:\/\/www.hydrogaz.pinmedia.com.pl\/wp-content\/uploads\/2024\/02\/ikona-01a-150x150.png 150w\" sizes=\"(max-width: 184px) 100vw, 184px\" \/>\t\t\t\t\t\t\t\t\t\t\t\t\t<\/div>\n\t\t\t\t<\/div>\n\t\t\t\t<\/div>\n\t\t<div class=\"elementor-element elementor-element-e9636eb e-con-full e-flex e-con e-child\" data-id=\"e9636eb\" data-element_type=\"container\" data-settings=\"{&quot;background_background&quot;:&quot;classic&quot;}\">\n\t\t\t\t<div class=\"elementor-element elementor-element-c251b72 elementor-widget elementor-widget-text-editor\" data-id=\"c251b72\" data-element_type=\"widget\" data-widget_type=\"text-editor.default\">\n\t\t\t\t<div class=\"elementor-widget-container\">\n\t\t\t\t\t\t\t<p>budowa sieci i przy\u0142\u0105czy gazowych, wodoci\u0105gowychi kanalizacyjnych<\/p>\t\t\t\t\t\t<\/div>\n\t\t\t\t<\/div>\n\t\t\t\t<\/div>\n\t\t\t\t\t<\/div>\n\t\t\t\t<\/div>\n\t\t\t\t<\/div>\n\t\t<div class=\"elementor-element elementor-element-acead90 e-con-full e-flex e-con e-child\" data-id=\"acead90\" data-element_type=\"container\">\n\t\t<div class=\"elementor-element elementor-element-fe57bd2 e-flex e-con-boxed e-con e-child\" data-id=\"fe57bd2\" data-element_type=\"container\">\n\t\t\t\t\t<div class=\"e-con-inner\">\n\t\t<div class=\"elementor-element elementor-element-6bfa587 e-con-full e-flex e-con e-child\" data-id=\"6bfa587\" data-element_type=\"container\">\n\t\t\t\t<div class=\"elementor-element elementor-element-97b9320 elementor-widget elementor-widget-image\" data-id=\"97b9320\" data-element_type=\"widget\" data-widget_type=\"image.default\">\n\t\t\t\t<div class=\"elementor-widget-container\">\n\t\t\t\t\t\t\t\t\t\t\t\t\t<img decoding=\"async\" width=\"184\" height=\"185\" src=\"https:\/\/www.hydrogaz.pinmedia.com.pl\/wp-content\/uploads\/2024\/02\/ikona-02b.png\" class=\"attachment-large size-large wp-image-950\" alt=\"\" srcset=\"https:\/\/www.hydrogaz.pinmedia.com.pl\/wp-content\/uploads\/2024\/02\/ikona-02b.png 184w, https:\/\/www.hydrogaz.pinmedia.com.pl\/wp-content\/uploads\/2024\/02\/ikona-02b-150x150.png 150w\" sizes=\"(max-width: 184px) 100vw, 184px\" \/>\t\t\t\t\t\t\t\t\t\t\t\t\t<\/div>\n\t\t\t\t<\/div>\n\t\t\t\t<\/div>\n\t\t<div class=\"elementor-element elementor-element-ee4d262 e-con-full e-flex e-con e-child\" data-id=\"ee4d262\" data-element_type=\"container\" data-settings=\"{&quot;background_background&quot;:&quot;classic&quot;}\">\n\t\t\t\t<div class=\"elementor-element elementor-element-bbe45b8 elementor-widget elementor-widget-text-editor\" data-id=\"bbe45b8\" data-element_type=\"widget\" data-widget_type=\"text-editor.default\">\n\t\t\t\t<div class=\"elementor-widget-container\">\n\t\t\t\t\t\t\t<p>projektowanie sieci i przy\u0142\u0105czy gazowych, wodoci\u0105gowych, kanalizacyjnych<\/p>\t\t\t\t\t\t<\/div>\n\t\t\t\t<\/div>\n\t\t\t\t<\/div>\n\t\t\t\t\t<\/div>\n\t\t\t\t<\/div>\n\t\t\t\t<\/div>\n\t\t\t\t\t<\/div>\n\t\t\t\t<\/div>\n\t\t<div class=\"elementor-element elementor-element-3f15abb e-flex e-con-boxed e-con e-parent\" data-id=\"3f15abb\" data-element_type=\"container\">\n\t\t\t\t\t<div class=\"e-con-inner\">\n\t\t<div class=\"elementor-element elementor-element-15a6ecb e-con-full e-flex e-con e-child\" data-id=\"15a6ecb\" data-element_type=\"container\">\n\t\t<div class=\"elementor-element elementor-element-6ed46a8 e-flex e-con-boxed e-con e-child\" data-id=\"6ed46a8\" data-element_type=\"container\">\n\t\t\t\t\t<div class=\"e-con-inner\">\n\t\t<div class=\"elementor-element elementor-element-838d33f e-con-full e-flex e-con e-child\" data-id=\"838d33f\" data-element_type=\"container\">\n\t\t\t\t<div class=\"elementor-element elementor-element-dad1446 elementor-widget elementor-widget-image\" data-id=\"dad1446\" data-element_type=\"widget\" data-widget_type=\"image.default\">\n\t\t\t\t<div class=\"elementor-widget-container\">\n\t\t\t\t\t\t\t\t\t\t\t\t\t<img decoding=\"async\" width=\"184\" height=\"185\" src=\"https:\/\/www.hydrogaz.pinmedia.com.pl\/wp-content\/uploads\/2024\/02\/ikona-03b.png\" class=\"attachment-large size-large wp-image-951\" alt=\"\" srcset=\"https:\/\/www.hydrogaz.pinmedia.com.pl\/wp-content\/uploads\/2024\/02\/ikona-03b.png 184w, https:\/\/www.hydrogaz.pinmedia.com.pl\/wp-content\/uploads\/2024\/02\/ikona-03b-150x150.png 150w\" sizes=\"(max-width: 184px) 100vw, 184px\" \/>\t\t\t\t\t\t\t\t\t\t\t\t\t<\/div>\n\t\t\t\t<\/div>\n\t\t\t\t<\/div>\n\t\t<div class=\"elementor-element elementor-element-aeed91e e-con-full e-flex e-con e-child\" data-id=\"aeed91e\" data-element_type=\"container\" data-settings=\"{&quot;background_background&quot;:&quot;classic&quot;}\">\n\t\t\t\t<div class=\"elementor-element elementor-element-be4ad19 elementor-widget elementor-widget-text-editor\" data-id=\"be4ad19\" data-element_type=\"widget\" data-widget_type=\"text-editor.default\">\n\t\t\t\t<div class=\"elementor-widget-container\">\n\t\t\t\t\t\t\t<p>projektowanie instalacji sanitarnych<\/p>\t\t\t\t\t\t<\/div>\n\t\t\t\t<\/div>\n\t\t\t\t<\/div>\n\t\t\t\t\t<\/div>\n\t\t\t\t<\/div>\n\t\t\t\t<\/div>\n\t\t<div class=\"elementor-element elementor-element-993de71 e-con-full e-flex e-con e-child\" data-id=\"993de71\" data-element_type=\"container\">\n\t\t<div class=\"elementor-element elementor-element-01330e4 e-flex e-con-boxed e-con e-child\" data-id=\"01330e4\" data-element_type=\"container\">\n\t\t\t\t\t<div class=\"e-con-inner\">\n\t\t<div class=\"elementor-element elementor-element-e5fb16f e-con-full e-flex e-con e-child\" data-id=\"e5fb16f\" data-element_type=\"container\">\n\t\t\t\t<div class=\"elementor-element elementor-element-c190ea4 elementor-widget elementor-widget-image\" data-id=\"c190ea4\" data-element_type=\"widget\" data-widget_type=\"image.default\">\n\t\t\t\t<div class=\"elementor-widget-container\">\n\t\t\t\t\t\t\t\t\t\t\t\t\t<img loading=\"lazy\" decoding=\"async\" width=\"184\" height=\"185\" src=\"https:\/\/www.hydrogaz.pinmedia.com.pl\/wp-content\/uploads\/2024\/02\/ikona-04a.png\" class=\"attachment-large size-large wp-image-131\" alt=\"\" srcset=\"https:\/\/www.hydrogaz.pinmedia.com.pl\/wp-content\/uploads\/2024\/02\/ikona-04a.png 184w, https:\/\/www.hydrogaz.pinmedia.com.pl\/wp-content\/uploads\/2024\/02\/ikona-04a-150x150.png 150w\" sizes=\"(max-width: 184px) 100vw, 184px\" \/>\t\t\t\t\t\t\t\t\t\t\t\t\t<\/div>\n\t\t\t\t<\/div>\n\t\t\t\t<\/div>\n\t\t<div class=\"elementor-element elementor-element-c26c6dc e-con-full e-flex e-con e-child\" data-id=\"c26c6dc\" data-element_type=\"container\" data-settings=\"{&quot;background_background&quot;:&quot;classic&quot;}\">\n\t\t\t\t<div class=\"elementor-element elementor-element-1be79a3 elementor-widget elementor-widget-text-editor\" data-id=\"1be79a3\" data-element_type=\"widget\" data-widget_type=\"text-editor.default\">\n\t\t\t\t<div class=\"elementor-widget-container\">\n\t\t\t\t\t\t\t<p>przewierty i przeciski<\/p>\t\t\t\t\t\t<\/div>\n\t\t\t\t<\/div>\n\t\t\t\t<\/div>\n\t\t\t\t\t<\/div>\n\t\t\t\t<\/div>\n\t\t\t\t<\/div>\n\t\t\t\t\t<\/div>\n\t\t\t\t<\/div>\n\t\t<div class=\"elementor-element elementor-element-a3e52e7 e-flex e-con-boxed e-con e-parent\" data-id=\"a3e52e7\" data-element_type=\"container\">\n\t\t\t\t\t<div class=\"e-con-inner\">\n\t\t<div class=\"elementor-element elementor-element-eb125b9 e-con-full e-flex e-con e-child\" data-id=\"eb125b9\" data-element_type=\"container\">\n\t\t<div class=\"elementor-element elementor-element-e182ef5 e-flex e-con-boxed e-con e-child\" data-id=\"e182ef5\" data-element_type=\"container\">\n\t\t\t\t\t<div class=\"e-con-inner\">\n\t\t<div class=\"elementor-element elementor-element-7ce1e2e e-con-full e-flex e-con e-child\" data-id=\"7ce1e2e\" data-element_type=\"container\">\n\t\t\t\t<div class=\"elementor-element elementor-element-fbd416c elementor-widget elementor-widget-image\" data-id=\"fbd416c\" data-element_type=\"widget\" data-widget_type=\"image.default\">\n\t\t\t\t<div class=\"elementor-widget-container\">\n\t\t\t\t\t\t\t\t\t\t\t\t\t<img loading=\"lazy\" decoding=\"async\" width=\"184\" height=\"185\" src=\"https:\/\/www.hydrogaz.pinmedia.com.pl\/wp-content\/uploads\/2024\/02\/ikona-05a.png\" class=\"attachment-large size-large wp-image-132\" alt=\"\" srcset=\"https:\/\/www.hydrogaz.pinmedia.com.pl\/wp-content\/uploads\/2024\/02\/ikona-05a.png 184w, https:\/\/www.hydrogaz.pinmedia.com.pl\/wp-content\/uploads\/2024\/02\/ikona-05a-150x150.png 150w\" sizes=\"(max-width: 184px) 100vw, 184px\" \/>\t\t\t\t\t\t\t\t\t\t\t\t\t<\/div>\n\t\t\t\t<\/div>\n\t\t\t\t<\/div>\n\t\t<div class=\"elementor-element elementor-element-d89612b e-con-full e-flex e-con e-child\" data-id=\"d89612b\" data-element_type=\"container\" data-settings=\"{&quot;background_background&quot;:&quot;classic&quot;}\">\n\t\t\t\t<div class=\"elementor-element elementor-element-296a5e1 elementor-widget elementor-widget-text-editor\" data-id=\"296a5e1\" data-element_type=\"widget\" data-widget_type=\"text-editor.default\">\n\t\t\t\t<div class=\"elementor-widget-container\">\n\t\t\t\t\t\t\t<p>budowa sieci i przy\u0142\u0105czy gazowych, wodoci\u0105gowychi kanalizacyjnych<\/p>\t\t\t\t\t\t<\/div>\n\t\t\t\t<\/div>\n\t\t\t\t<\/div>\n\t\t\t\t\t<\/div>\n\t\t\t\t<\/div>\n\t\t\t\t<\/div>\n\t\t<div class=\"elementor-element elementor-element-86224c2 e-con-full e-flex e-con e-child\" data-id=\"86224c2\" data-element_type=\"container\">\n\t\t<div class=\"elementor-element elementor-element-18a74e0 e-flex e-con-boxed e-con e-child\" data-id=\"18a74e0\" data-element_type=\"container\">\n\t\t\t\t\t<div class=\"e-con-inner\">\n\t\t<div class=\"elementor-element elementor-element-20a2997 e-con-full e-flex e-con e-child\" data-id=\"20a2997\" data-element_type=\"container\">\n\t\t\t\t<div class=\"elementor-element elementor-element-200f123 elementor-widget elementor-widget-image\" data-id=\"200f123\" data-element_type=\"widget\" data-widget_type=\"image.default\">\n\t\t\t\t<div class=\"elementor-widget-container\">\n\t\t\t\t\t\t\t\t\t\t\t\t\t<img decoding=\"async\" width=\"184\" height=\"185\" src=\"https:\/\/www.hydrogaz.pinmedia.com.pl\/wp-content\/uploads\/2024\/02\/ikona-02b.png\" class=\"attachment-large size-large wp-image-950\" alt=\"\" srcset=\"https:\/\/www.hydrogaz.pinmedia.com.pl\/wp-content\/uploads\/2024\/02\/ikona-02b.png 184w, https:\/\/www.hydrogaz.pinmedia.com.pl\/wp-content\/uploads\/2024\/02\/ikona-02b-150x150.png 150w\" sizes=\"(max-width: 184px) 100vw, 184px\" \/>\t\t\t\t\t\t\t\t\t\t\t\t\t<\/div>\n\t\t\t\t<\/div>\n\t\t\t\t<\/div>\n\t\t<div class=\"elementor-element elementor-element-526920a e-con-full e-flex e-con e-child\" data-id=\"526920a\" data-element_type=\"container\" data-settings=\"{&quot;background_background&quot;:&quot;classic&quot;}\">\n\t\t\t\t<div class=\"elementor-element elementor-element-9b89b1d elementor-widget elementor-widget-text-editor\" data-id=\"9b89b1d\" data-element_type=\"widget\" data-widget_type=\"text-editor.default\">\n\t\t\t\t<div class=\"elementor-widget-container\">\n\t\t\t\t\t\t\t<p>kompleksowa realizacja inwestycji \u201eProjektuj i wybuduj\u201d<\/p>\t\t\t\t\t\t<\/div>\n\t\t\t\t<\/div>\n\t\t\t\t<\/div>\n\t\t\t\t\t<\/div>\n\t\t\t\t<\/div>\n\t\t\t\t<\/div>\n\t\t\t\t\t<\/div>\n\t\t\t\t<\/div>\n\t\t<div class=\"elementor-element elementor-element-d5a9bc5 e-flex e-con-boxed e-con e-parent\" data-id=\"d5a9bc5\" data-element_type=\"container\">\n\t\t\t\t\t<div class=\"e-con-inner\">\n\t\t\t\t<div class=\"elementor-element elementor-element-d0d99b0 elementor-widget elementor-widget-spacer\" data-id=\"d0d99b0\" data-element_type=\"widget\" data-widget_type=\"spacer.default\">\n\t\t\t\t<div class=\"elementor-widget-container\">\n\t\t\t\t\t<div class=\"elementor-spacer\">\n\t\t\t<div class=\"elementor-spacer-inner\"><\/div>\n\t\t<\/div>\n\t\t\t\t<\/div>\n\t\t\t\t<\/div>\n\t\t\t\t\t<\/div>\n\t\t\t\t<\/div>\n\t\t<div class=\"elementor-element elementor-element-fd7a155 e-flex e-con-boxed e-con e-parent\" data-id=\"fd7a155\" data-element_type=\"container\" data-settings=\"{&quot;background_background&quot;:&quot;classic&quot;}\">\n\t\t\t\t\t<div class=\"e-con-inner\">\n\t\t\t\t<div class=\"elementor-element elementor-element-7cda3c2 elementor-widget elementor-widget-spacer\" data-id=\"7cda3c2\" data-element_type=\"widget\" data-widget_type=\"spacer.default\">\n\t\t\t\t<div class=\"elementor-widget-container\">\n\t\t\t\t\t<div class=\"elementor-spacer\">\n\t\t\t<div class=\"elementor-spacer-inner\"><\/div>\n\t\t<\/div>\n\t\t\t\t<\/div>\n\t\t\t\t<\/div>\n\t\t\t\t\t<\/div>\n\t\t\t\t<\/div>\n\t\t<div class=\"elementor-element elementor-element-47d1e9c e-flex e-con-boxed e-con e-parent\" data-id=\"47d1e9c\" data-element_type=\"container\" data-settings=\"{&quot;background_background&quot;:&quot;classic&quot;}\">\n\t\t\t\t\t<div class=\"e-con-inner\">\n\t\t<div class=\"elementor-element elementor-element-a07b664 e-con-full e-flex e-con e-child\" data-id=\"a07b664\" data-element_type=\"container\">\n\t\t\t\t<\/div>\n\t\t<div class=\"elementor-element elementor-element-76b7f92 e-con-full e-flex e-con e-child\" data-id=\"76b7f92\" data-element_type=\"container\">\n\t\t\t\t<\/div>\n\t\t\t\t\t<\/div>\n\t\t\t\t<\/div>\n\t\t\t\t<\/div>\n\t\t","protected":false},"excerpt":{"rendered":"<p>Oferta Jeste\u015bmy producentem i dystrybutorem szafek gazowych ze stali kwasoodpornej o r\u00f3\u017cnych wymiarach. W naszej ofercie s\u0105 tak\u017ce szafki z \u017cywicy poliestrowej i w\u0142\u00f3kna szklanego.\u00a0 Zobacz nasze us\u0142ugi budowa sieci i przy\u0142\u0105czy gazowych, wodoci\u0105gowychi kanalizacyjnych projektowanie sieci i przy\u0142\u0105czy gazowych, wodoci\u0105gowych, kanalizacyjnych projektowanie instalacji sanitarnych przewierty i przeciski budowa sieci i przy\u0142\u0105czy gazowych, wodoci\u0105gowychi kanalizacyjnych [&hellip;]<\/p>\n","protected":false},"author":2,"featured_media":0,"parent":0,"menu_order":0,"comment_status":"closed","ping_status":"closed","template":"elementor_header_footer","meta":{"footnotes":""},"_links":{"self":[{"href":"https:\/\/www.hydrogaz.pinmedia.com.pl\/index.php\/wp-json\/wp\/v2\/pages\/267"}],"collection":[{"href":"https:\/\/www.hydrogaz.pinmedia.com.pl\/index.php\/wp-json\/wp\/v2\/pages"}],"about":[{"href":"https:\/\/www.hydrogaz.pinmedia.com.pl\/index.php\/wp-json\/wp\/v2\/types\/page"}],"author":[{"embeddable":true,"href":"https:\/\/www.hydrogaz.pinmedia.com.pl\/index.php\/wp-json\/wp\/v2\/users\/2"}],"replies":[{"embeddable":true,"href":"https:\/\/www.hydrogaz.pinmedia.com.pl\/index.php\/wp-json\/wp\/v2\/comments?post=267"}],"version-history":[{"count":100,"href":"https:\/\/www.hydrogaz.pinmedia.com.pl\/index.php\/wp-json\/wp\/v2\/pages\/267\/revisions"}],"predecessor-version":[{"id":1070,"href":"https:\/\/www.hydrogaz.pinmedia.com.pl\/index.php\/wp-json\/wp\/v2\/pages\/267\/revisions\/1070"}],"wp:attachment":[{"href":"https:\/\/www.hydrogaz.pinmedia.com.pl\/index.php\/wp-json\/wp\/v2\/media?parent=267"}],"curies":[{"name":"wp","href":"https:\/\/api.w.org\/{rel}","templated":true}]}}