{"id":291,"date":"2024-02-21T12:51:02","date_gmt":"2024-02-21T12:51:02","guid":{"rendered":"http:\/\/www.hydrogaz.pinmedia.com.pl\/?page_id=291"},"modified":"2024-02-29T14:12:26","modified_gmt":"2024-02-29T14:12:26","slug":"o-nas","status":"publish","type":"page","link":"https:\/\/www.hydrogaz.pinmedia.com.pl\/index.php\/o-nas\/","title":{"rendered":"O nas"},"content":{"rendered":"\t\t<div data-elementor-type=\"wp-page\" data-elementor-id=\"291\" class=\"elementor elementor-291\" data-elementor-post-type=\"page\">\n\t\t\t\t<div class=\"elementor-element elementor-element-aea67b4 e-flex e-con-boxed e-con e-parent\" data-id=\"aea67b4\" data-element_type=\"container\" data-settings=\"{&quot;background_background&quot;:&quot;classic&quot;}\">\n\t\t\t\t\t<div class=\"e-con-inner\">\n\t\t<div class=\"elementor-element elementor-element-ddd553f e-con-full e-flex e-con e-child\" data-id=\"ddd553f\" data-element_type=\"container\">\n\t\t\t\t<div class=\"elementor-element elementor-element-a24d73a elementor-widget elementor-widget-heading\" data-id=\"a24d73a\" data-element_type=\"widget\" data-widget_type=\"heading.default\">\n\t\t\t\t<div class=\"elementor-widget-container\">\n\t\t\t<h2 class=\"elementor-heading-title elementor-size-default\">O nas<\/h2>\t\t<\/div>\n\t\t\t\t<\/div>\n\t\t\t\t<div class=\"elementor-element elementor-element-4087c5c elementor-widget elementor-widget-text-editor\" data-id=\"4087c5c\" data-element_type=\"widget\" data-widget_type=\"text-editor.default\">\n\t\t\t\t<div class=\"elementor-widget-container\">\n\t\t\t\t\t\t\t<p>Realizujemy sieci i przy\u0142\u0105cza gazowe, wodoci\u0105gowe oraz kanalizacyjne. Mamy bogate do\u015bwiadczenie w zakresie instalacji wewn\u0119trznych i zewn\u0119trznych. Specjalizujemy si\u0119 w przeciskach i przewiertach z wykorzystaniem technologii\u00a0<span style=\"text-decoration: underline; color: #000080;\"><a style=\"color: #000080; text-decoration: underline;\" href=\"http:\/\/horizontal.com.pl\">bezwykopowych<\/a><\/span><span style=\"color: #ffffff;\">.<\/span><\/p>\t\t\t\t\t\t<\/div>\n\t\t\t\t<\/div>\n\t\t\t\t<\/div>\n\t\t<div class=\"elementor-element elementor-element-f65a59a e-con-full e-flex e-con e-child\" data-id=\"f65a59a\" data-element_type=\"container\">\n\t\t\t\t<\/div>\n\t\t\t\t\t<\/div>\n\t\t\t\t<\/div>\n\t\t<div class=\"elementor-element elementor-element-d5a9bc5 e-flex e-con-boxed e-con e-parent\" data-id=\"d5a9bc5\" data-element_type=\"container\">\n\t\t\t\t\t<div class=\"e-con-inner\">\n\t\t\t\t<div class=\"elementor-element elementor-element-6ed5e71 elementor-widget elementor-widget-text-editor\" data-id=\"6ed5e71\" data-element_type=\"widget\" data-widget_type=\"text-editor.default\">\n\t\t\t\t<div class=\"elementor-widget-container\">\n\t\t\t\t\t\t\t<p><strong>Hydro-Gaz Sp.j.<\/strong> to firma us\u0142ugowo-handlowa prowadz\u0105ca dzia\u0142alno\u015b\u0107 w bran\u017cy sanitarnej.<\/p>\t\t\t\t\t\t<\/div>\n\t\t\t\t<\/div>\n\t\t\t\t\t<\/div>\n\t\t\t\t<\/div>\n\t\t<div class=\"elementor-element elementor-element-79adf92 e-flex e-con-boxed e-con e-parent\" data-id=\"79adf92\" data-element_type=\"container\">\n\t\t\t\t\t<div class=\"e-con-inner\">\n\t\t<div class=\"elementor-element elementor-element-42a4716 e-con-full e-flex e-con e-child\" data-id=\"42a4716\" data-element_type=\"container\">\n\t\t<div class=\"elementor-element elementor-element-c0e0bff e-flex e-con-boxed e-con e-child\" data-id=\"c0e0bff\" data-element_type=\"container\">\n\t\t\t\t\t<div class=\"e-con-inner\">\n\t\t\t\t<div class=\"elementor-element elementor-element-c1d2d7b elementor-widget elementor-widget-text-editor\" data-id=\"c1d2d7b\" data-element_type=\"widget\" data-widget_type=\"text-editor.default\">\n\t\t\t\t<div class=\"elementor-widget-container\">\n\t\t\t\t\t\t\t<p>Istnieje na rynku od 2 stycznia 1994 roku, a sp\u00f3\u0142ka jest kontynuacj\u0105 dzia\u0142alno\u015bci gospodarczej prowadzonej od 1980 roku.<\/p><p>Pocz\u0105tkowo firma zajmowa\u0142a si\u0119 wykonywaniem domowych instalacji wodoci\u0105gowych, kanalizacyjnych, gazowych i centralnego ogrzewania. Z czasem dzia\u0142alno\u015b\u0107 zosta\u0142a rozszerzona o projektowanie i wykonawstwo sieci wodoci\u0105gowych i gazowych na terenie wojew\u00f3dztwa lubelskiego. \u015awiadczenie tego typu us\u0142ug umo\u017cliwi\u0142o zdobycie do\u015bwiadczenia i ugruntowanie pozycji na rynku.<\/p><p>Aby utrzyma\u0107 wysoki poziom us\u0142ug zesp\u00f3\u0142 Hydro-Gaz bierze udzia\u0142 w szkoleniach i wdra\u017ca nowoczesne technologie. Sp\u00f3\u0142ka dysponuje r\u00f3wnie\u017c innowacyjnymi i specjalistycznymi urz\u0105dzeniami budowlanymi. Od 1998 roku w ramach rozwoju, wprowadzono dzia\u0142alno\u015b\u0107 handlow\u0105, oferuj\u0105c\u0105 pe\u0142ny asortyment urz\u0105dze\u0144 i materia\u0142\u00f3w bran\u017cy sanitarnej.<\/p>\t\t\t\t\t\t<\/div>\n\t\t\t\t<\/div>\n\t\t\t\t\t<\/div>\n\t\t\t\t<\/div>\n\t\t\t\t<\/div>\n\t\t<div class=\"elementor-element elementor-element-6b7344f e-con-full e-flex e-con e-child\" data-id=\"6b7344f\" data-element_type=\"container\">\n\t\t<div class=\"elementor-element elementor-element-4ec47bc e-flex e-con-boxed e-con e-child\" data-id=\"4ec47bc\" data-element_type=\"container\" id=\"galeria\">\n\t\t\t\t\t<div class=\"e-con-inner\">\n\t\t\t\t<div class=\"elementor-element elementor-element-51dba54 elementor-widget elementor-widget-image\" data-id=\"51dba54\" data-element_type=\"widget\" data-widget_type=\"image.default\">\n\t\t\t\t<div class=\"elementor-widget-container\">\n\t\t\t\t\t\t\t\t\t\t\t\t\t<img fetchpriority=\"high\" decoding=\"async\" width=\"580\" height=\"386\" src=\"https:\/\/www.hydrogaz.pinmedia.com.pl\/wp-content\/uploads\/2024\/02\/projekt-budowy-sieci-wodociagowej-przy-pracach-spawalniczych-przy-laczeniu-rur-hdpe_33835-437.jpg\" class=\"attachment-large size-large wp-image-752\" alt=\"\" srcset=\"https:\/\/www.hydrogaz.pinmedia.com.pl\/wp-content\/uploads\/2024\/02\/projekt-budowy-sieci-wodociagowej-przy-pracach-spawalniczych-przy-laczeniu-rur-hdpe_33835-437.jpg 626w, https:\/\/www.hydrogaz.pinmedia.com.pl\/wp-content\/uploads\/2024\/02\/projekt-budowy-sieci-wodociagowej-przy-pracach-spawalniczych-przy-laczeniu-rur-hdpe_33835-437-300x200.jpg 300w\" sizes=\"(max-width: 580px) 100vw, 580px\" \/>\t\t\t\t\t\t\t\t\t\t\t\t\t<\/div>\n\t\t\t\t<\/div>\n\t\t\t\t\t<\/div>\n\t\t\t\t<\/div>\n\t\t\t\t<\/div>\n\t\t\t\t\t<\/div>\n\t\t\t\t<\/div>\n\t\t<div class=\"elementor-element elementor-element-e521c31 e-flex e-con-boxed e-con e-parent\" data-id=\"e521c31\" data-element_type=\"container\">\n\t\t\t\t\t<div class=\"e-con-inner\">\n\t\t<div class=\"elementor-element elementor-element-71dbe9d e-con-full e-flex e-con e-child\" data-id=\"71dbe9d\" data-element_type=\"container\">\n\t\t\t\t<div class=\"elementor-element elementor-element-5085c18 elementor-widget elementor-widget-text-editor\" data-id=\"5085c18\" data-element_type=\"widget\" data-widget_type=\"text-editor.default\">\n\t\t\t\t<div class=\"elementor-widget-container\">\n\t\t\t\t\t\t\t<p>Nasi partnerzy biznesowi:\u00a0<\/p>\t\t\t\t\t\t<\/div>\n\t\t\t\t<\/div>\n\t\t\t\t<\/div>\n\t\t<div class=\"elementor-element elementor-element-71ce0dc e-con-full e-flex e-con e-child\" data-id=\"71ce0dc\" data-element_type=\"container\">\n\t\t\t\t<div class=\"elementor-element elementor-element-355232b elementor-widget elementor-widget-image\" data-id=\"355232b\" data-element_type=\"widget\" data-widget_type=\"image.default\">\n\t\t\t\t<div class=\"elementor-widget-container\">\n\t\t\t\t\t\t\t\t\t\t\t\t\t<img decoding=\"async\" width=\"512\" height=\"512\" src=\"https:\/\/www.hydrogaz.pinmedia.com.pl\/wp-content\/uploads\/2024\/02\/pgnig.png\" class=\"attachment-large size-large wp-image-775\" alt=\"\" srcset=\"https:\/\/www.hydrogaz.pinmedia.com.pl\/wp-content\/uploads\/2024\/02\/pgnig.png 512w, https:\/\/www.hydrogaz.pinmedia.com.pl\/wp-content\/uploads\/2024\/02\/pgnig-300x300.png 300w, https:\/\/www.hydrogaz.pinmedia.com.pl\/wp-content\/uploads\/2024\/02\/pgnig-150x150.png 150w\" sizes=\"(max-width: 512px) 100vw, 512px\" \/>\t\t\t\t\t\t\t\t\t\t\t\t\t<\/div>\n\t\t\t\t<\/div>\n\t\t\t\t<\/div>\n\t\t<div class=\"elementor-element elementor-element-64a7c6c e-con-full e-flex e-con e-child\" data-id=\"64a7c6c\" data-element_type=\"container\">\n\t\t\t\t<div class=\"elementor-element elementor-element-c959fe7 elementor-widget elementor-widget-image\" data-id=\"c959fe7\" data-element_type=\"widget\" data-widget_type=\"image.default\">\n\t\t\t\t<div class=\"elementor-widget-container\">\n\t\t\t\t\t\t\t\t\t\t\t\t\t<img decoding=\"async\" width=\"580\" height=\"474\" src=\"https:\/\/www.hydrogaz.pinmedia.com.pl\/wp-content\/uploads\/2024\/02\/elka_podstawowa_pl-1024x837.jpg\" class=\"attachment-large size-large wp-image-774\" alt=\"\" srcset=\"https:\/\/www.hydrogaz.pinmedia.com.pl\/wp-content\/uploads\/2024\/02\/elka_podstawowa_pl-1024x837.jpg 1024w, https:\/\/www.hydrogaz.pinmedia.com.pl\/wp-content\/uploads\/2024\/02\/elka_podstawowa_pl-300x245.jpg 300w, https:\/\/www.hydrogaz.pinmedia.com.pl\/wp-content\/uploads\/2024\/02\/elka_podstawowa_pl-768x628.jpg 768w, https:\/\/www.hydrogaz.pinmedia.com.pl\/wp-content\/uploads\/2024\/02\/elka_podstawowa_pl.jpg 1150w\" sizes=\"(max-width: 580px) 100vw, 580px\" \/>\t\t\t\t\t\t\t\t\t\t\t\t\t<\/div>\n\t\t\t\t<\/div>\n\t\t\t\t<\/div>\n\t\t<div class=\"elementor-element elementor-element-a3b91d6 e-con-full e-flex e-con e-child\" data-id=\"a3b91d6\" data-element_type=\"container\">\n\t\t\t\t<\/div>\n\t\t<div class=\"elementor-element elementor-element-7d73657 e-con-full e-flex e-con e-child\" data-id=\"7d73657\" data-element_type=\"container\">\n\t\t\t\t<\/div>\n\t\t<div class=\"elementor-element elementor-element-87d862b e-con-full e-flex e-con e-child\" data-id=\"87d862b\" data-element_type=\"container\">\n\t\t\t\t<\/div>\n\t\t\t\t\t<\/div>\n\t\t\t\t<\/div>\n\t\t<div class=\"elementor-element elementor-element-fd7a155 e-flex e-con-boxed e-con e-parent\" data-id=\"fd7a155\" data-element_type=\"container\" data-settings=\"{&quot;background_background&quot;:&quot;classic&quot;}\">\n\t\t\t\t\t<div class=\"e-con-inner\">\n\t\t\t\t<div class=\"elementor-element elementor-element-7cda3c2 elementor-widget elementor-widget-spacer\" data-id=\"7cda3c2\" data-element_type=\"widget\" data-widget_type=\"spacer.default\">\n\t\t\t\t<div class=\"elementor-widget-container\">\n\t\t\t\t\t<div class=\"elementor-spacer\">\n\t\t\t<div class=\"elementor-spacer-inner\"><\/div>\n\t\t<\/div>\n\t\t\t\t<\/div>\n\t\t\t\t<\/div>\n\t\t\t\t\t<\/div>\n\t\t\t\t<\/div>\n\t\t<div class=\"elementor-element elementor-element-47d1e9c e-flex e-con-boxed e-con e-parent\" data-id=\"47d1e9c\" data-element_type=\"container\" data-settings=\"{&quot;background_background&quot;:&quot;classic&quot;}\">\n\t\t\t\t\t<div class=\"e-con-inner\">\n\t\t<div class=\"elementor-element elementor-element-a07b664 e-con-full e-flex e-con e-child\" data-id=\"a07b664\" data-element_type=\"container\">\n\t\t\t\t<\/div>\n\t\t<div class=\"elementor-element elementor-element-76b7f92 e-con-full e-flex e-con e-child\" data-id=\"76b7f92\" data-element_type=\"container\">\n\t\t\t\t<\/div>\n\t\t\t\t\t<\/div>\n\t\t\t\t<\/div>\n\t\t\t\t<\/div>\n\t\t","protected":false},"excerpt":{"rendered":"<p>O nas Realizujemy sieci i przy\u0142\u0105cza gazowe, wodoci\u0105gowe oraz kanalizacyjne. Mamy bogate do\u015bwiadczenie w zakresie instalacji wewn\u0119trznych i zewn\u0119trznych. Specjalizujemy si\u0119 w przeciskach i przewiertach z wykorzystaniem technologii\u00a0bezwykopowych. Hydro-Gaz Sp.j. to firma us\u0142ugowo-handlowa prowadz\u0105ca dzia\u0142alno\u015b\u0107 w bran\u017cy sanitarnej. Istnieje na rynku od 2 stycznia 1994 roku, a sp\u00f3\u0142ka jest kontynuacj\u0105 dzia\u0142alno\u015bci gospodarczej prowadzonej od 1980 [&hellip;]<\/p>\n","protected":false},"author":2,"featured_media":0,"parent":0,"menu_order":0,"comment_status":"closed","ping_status":"closed","template":"elementor_header_footer","meta":{"footnotes":""},"_links":{"self":[{"href":"https:\/\/www.hydrogaz.pinmedia.com.pl\/index.php\/wp-json\/wp\/v2\/pages\/291"}],"collection":[{"href":"https:\/\/www.hydrogaz.pinmedia.com.pl\/index.php\/wp-json\/wp\/v2\/pages"}],"about":[{"href":"https:\/\/www.hydrogaz.pinmedia.com.pl\/index.php\/wp-json\/wp\/v2\/types\/page"}],"author":[{"embeddable":true,"href":"https:\/\/www.hydrogaz.pinmedia.com.pl\/index.php\/wp-json\/wp\/v2\/users\/2"}],"replies":[{"embeddable":true,"href":"https:\/\/www.hydrogaz.pinmedia.com.pl\/index.php\/wp-json\/wp\/v2\/comments?post=291"}],"version-history":[{"count":92,"href":"https:\/\/www.hydrogaz.pinmedia.com.pl\/index.php\/wp-json\/wp\/v2\/pages\/291\/revisions"}],"predecessor-version":[{"id":1052,"href":"https:\/\/www.hydrogaz.pinmedia.com.pl\/index.php\/wp-json\/wp\/v2\/pages\/291\/revisions\/1052"}],"wp:attachment":[{"href":"https:\/\/www.hydrogaz.pinmedia.com.pl\/index.php\/wp-json\/wp\/v2\/media?parent=291"}],"curies":[{"name":"wp","href":"https:\/\/api.w.org\/{rel}","templated":true}]}}