{"id":300,"date":"2024-02-21T12:52:53","date_gmt":"2024-02-21T12:52:53","guid":{"rendered":"http:\/\/www.hydrogaz.pinmedia.com.pl\/?page_id=300"},"modified":"2024-02-29T14:12:15","modified_gmt":"2024-02-29T14:12:15","slug":"referencje","status":"publish","type":"page","link":"https:\/\/www.hydrogaz.pinmedia.com.pl\/index.php\/referencje\/","title":{"rendered":"Referencje"},"content":{"rendered":"\t\t<div data-elementor-type=\"wp-page\" data-elementor-id=\"300\" class=\"elementor elementor-300\" data-elementor-post-type=\"page\">\n\t\t\t\t<div class=\"elementor-element elementor-element-aea67b4 e-flex e-con-boxed e-con e-parent\" data-id=\"aea67b4\" data-element_type=\"container\" data-settings=\"{&quot;background_background&quot;:&quot;classic&quot;}\">\n\t\t\t\t\t<div class=\"e-con-inner\">\n\t\t<div class=\"elementor-element elementor-element-ddd553f e-con-full e-flex e-con e-child\" data-id=\"ddd553f\" data-element_type=\"container\">\n\t\t\t\t<div class=\"elementor-element elementor-element-a24d73a elementor-widget elementor-widget-heading\" data-id=\"a24d73a\" data-element_type=\"widget\" data-widget_type=\"heading.default\">\n\t\t\t\t<div class=\"elementor-widget-container\">\n\t\t\t<h2 class=\"elementor-heading-title elementor-size-default\">Referencje<\/h2>\t\t<\/div>\n\t\t\t\t<\/div>\n\t\t\t\t<div class=\"elementor-element elementor-element-2f43f0c elementor-widget elementor-widget-text-editor\" data-id=\"2f43f0c\" data-element_type=\"widget\" data-widget_type=\"text-editor.default\">\n\t\t\t\t<div class=\"elementor-widget-container\">\n\t\t\t\t\t\t\t<p>W biznesie wiarygodno\u015b\u0107 jest warto\u015bci\u0105 nadrz\u0119dn\u0105. Dlatego te\u017c referencje, kt\u00f3re wystawiaj\u0105 nam nasi Klienci, s\u0105 dla nas bezcenne. Dzi\u0119ki tym referencjom tak\u017ce\u00a0<span style=\"font-size: inherit; text-align: inherit; letter-spacing: -0.015em;\">i Ty mo\u017cesz oceni\u0107, czy masz do czynienia z firm\u0105 godn\u0105 zaufania.<\/span><\/p>\t\t\t\t\t\t<\/div>\n\t\t\t\t<\/div>\n\t\t\t\t<\/div>\n\t\t<div class=\"elementor-element elementor-element-f65a59a e-con-full e-flex e-con e-child\" data-id=\"f65a59a\" data-element_type=\"container\">\n\t\t\t\t<\/div>\n\t\t\t\t\t<\/div>\n\t\t\t\t<\/div>\n\t\t<div class=\"elementor-element elementor-element-79adf92 e-flex e-con-boxed e-con e-parent\" data-id=\"79adf92\" data-element_type=\"container\">\n\t\t\t\t\t<div class=\"e-con-inner\">\n\t\t<div class=\"elementor-element elementor-element-42a4716 e-con-full e-flex e-con e-child\" data-id=\"42a4716\" data-element_type=\"container\">\n\t\t<div class=\"elementor-element elementor-element-c0e0bff e-flex e-con-boxed e-con e-child\" data-id=\"c0e0bff\" data-element_type=\"container\">\n\t\t\t\t\t<div class=\"e-con-inner\">\n\t\t\t\t<div class=\"elementor-element elementor-element-762de37 elementor-widget elementor-widget-text-editor\" data-id=\"762de37\" data-element_type=\"widget\" data-widget_type=\"text-editor.default\">\n\t\t\t\t<div class=\"elementor-widget-container\">\n\t\t\t\t\t\t\t<p>Zobacz\u00a0<span style=\"font-size: inherit; text-align: inherit; letter-spacing: -0.015em;\">referencje<\/span><\/p>\t\t\t\t\t\t<\/div>\n\t\t\t\t<\/div>\n\t\t\t\t\t<\/div>\n\t\t\t\t<\/div>\n\t\t\t\t<\/div>\n\t\t<div class=\"elementor-element elementor-element-6b7344f e-con-full e-flex e-con e-child\" data-id=\"6b7344f\" data-element_type=\"container\">\n\t\t\t\t<\/div>\n\t\t<div class=\"elementor-element elementor-element-05d1352 e-con-full e-flex e-con e-child\" data-id=\"05d1352\" data-element_type=\"container\">\n\t\t\t\t<div class=\"elementor-element elementor-element-de2a8f5 elementor-widget elementor-widget-text-editor\" data-id=\"de2a8f5\" data-element_type=\"widget\" data-widget_type=\"text-editor.default\">\n\t\t\t\t<div class=\"elementor-widget-container\">\n\t\t\t\t\t\t\t<p>24.02.2023 r.\u00a0<\/p>\t\t\t\t\t\t<\/div>\n\t\t\t\t<\/div>\n\t\t\t\t<div class=\"elementor-element elementor-element-6346555 elementor-widget elementor-widget-image-gallery\" data-id=\"6346555\" data-element_type=\"widget\" data-widget_type=\"image-gallery.default\">\n\t\t\t\t<div class=\"elementor-widget-container\">\n\t\t\t\t\t<div class=\"elementor-image-gallery\">\n\t\t\t<div id='gallery-1' class='gallery galleryid-300 gallery-columns-3 gallery-size-full'><figure class='gallery-item'>\n\t\t\t<div class='gallery-icon portrait'>\n\t\t\t\t<a data-elementor-open-lightbox=\"yes\" data-elementor-lightbox-slideshow=\"6346555\" data-elementor-lightbox-title=\"str a01\" data-e-action-hash=\"#elementor-action%3Aaction%3Dlightbox%26settings%3DeyJpZCI6ODM1LCJ1cmwiOiJodHRwczpcL1wvd3d3Lmh5ZHJvZ2F6LnBpbm1lZGlhLmNvbS5wbFwvd3AtY29udGVudFwvdXBsb2Fkc1wvMjAyNFwvMDJcL3N0ci1hMDEuanBnIiwic2xpZGVzaG93IjoiNjM0NjU1NSJ9\" href='https:\/\/www.hydrogaz.pinmedia.com.pl\/wp-content\/uploads\/2024\/02\/str-a01.jpg'><img fetchpriority=\"high\" decoding=\"async\" width=\"827\" height=\"1169\" src=\"https:\/\/www.hydrogaz.pinmedia.com.pl\/wp-content\/uploads\/2024\/02\/str-a01.jpg\" class=\"attachment-full size-full\" alt=\"\" srcset=\"https:\/\/www.hydrogaz.pinmedia.com.pl\/wp-content\/uploads\/2024\/02\/str-a01.jpg 827w, https:\/\/www.hydrogaz.pinmedia.com.pl\/wp-content\/uploads\/2024\/02\/str-a01-212x300.jpg 212w, https:\/\/www.hydrogaz.pinmedia.com.pl\/wp-content\/uploads\/2024\/02\/str-a01-724x1024.jpg 724w, https:\/\/www.hydrogaz.pinmedia.com.pl\/wp-content\/uploads\/2024\/02\/str-a01-768x1086.jpg 768w\" sizes=\"(max-width: 827px) 100vw, 827px\" \/><\/a>\n\t\t\t<\/div><\/figure><figure class='gallery-item'>\n\t\t\t<div class='gallery-icon portrait'>\n\t\t\t\t<a data-elementor-open-lightbox=\"yes\" data-elementor-lightbox-slideshow=\"6346555\" data-elementor-lightbox-title=\"str a02\" data-e-action-hash=\"#elementor-action%3Aaction%3Dlightbox%26settings%3DeyJpZCI6ODM2LCJ1cmwiOiJodHRwczpcL1wvd3d3Lmh5ZHJvZ2F6LnBpbm1lZGlhLmNvbS5wbFwvd3AtY29udGVudFwvdXBsb2Fkc1wvMjAyNFwvMDJcL3N0ci1hMDIuanBnIiwic2xpZGVzaG93IjoiNjM0NjU1NSJ9\" href='https:\/\/www.hydrogaz.pinmedia.com.pl\/wp-content\/uploads\/2024\/02\/str-a02.jpg'><img decoding=\"async\" width=\"827\" height=\"1169\" src=\"https:\/\/www.hydrogaz.pinmedia.com.pl\/wp-content\/uploads\/2024\/02\/str-a02.jpg\" class=\"attachment-full size-full\" alt=\"\" srcset=\"https:\/\/www.hydrogaz.pinmedia.com.pl\/wp-content\/uploads\/2024\/02\/str-a02.jpg 827w, https:\/\/www.hydrogaz.pinmedia.com.pl\/wp-content\/uploads\/2024\/02\/str-a02-212x300.jpg 212w, https:\/\/www.hydrogaz.pinmedia.com.pl\/wp-content\/uploads\/2024\/02\/str-a02-724x1024.jpg 724w, https:\/\/www.hydrogaz.pinmedia.com.pl\/wp-content\/uploads\/2024\/02\/str-a02-768x1086.jpg 768w\" sizes=\"(max-width: 827px) 100vw, 827px\" \/><\/a>\n\t\t\t<\/div><\/figure><figure class='gallery-item'>\n\t\t\t<div class='gallery-icon portrait'>\n\t\t\t\t<a data-elementor-open-lightbox=\"yes\" data-elementor-lightbox-slideshow=\"6346555\" data-elementor-lightbox-title=\"str a03\" data-e-action-hash=\"#elementor-action%3Aaction%3Dlightbox%26settings%3DeyJpZCI6ODM3LCJ1cmwiOiJodHRwczpcL1wvd3d3Lmh5ZHJvZ2F6LnBpbm1lZGlhLmNvbS5wbFwvd3AtY29udGVudFwvdXBsb2Fkc1wvMjAyNFwvMDJcL3N0ci1hMDMuanBnIiwic2xpZGVzaG93IjoiNjM0NjU1NSJ9\" href='https:\/\/www.hydrogaz.pinmedia.com.pl\/wp-content\/uploads\/2024\/02\/str-a03.jpg'><img decoding=\"async\" width=\"827\" height=\"1169\" src=\"https:\/\/www.hydrogaz.pinmedia.com.pl\/wp-content\/uploads\/2024\/02\/str-a03.jpg\" class=\"attachment-full size-full\" alt=\"\" srcset=\"https:\/\/www.hydrogaz.pinmedia.com.pl\/wp-content\/uploads\/2024\/02\/str-a03.jpg 827w, https:\/\/www.hydrogaz.pinmedia.com.pl\/wp-content\/uploads\/2024\/02\/str-a03-212x300.jpg 212w, https:\/\/www.hydrogaz.pinmedia.com.pl\/wp-content\/uploads\/2024\/02\/str-a03-724x1024.jpg 724w, https:\/\/www.hydrogaz.pinmedia.com.pl\/wp-content\/uploads\/2024\/02\/str-a03-768x1086.jpg 768w\" sizes=\"(max-width: 827px) 100vw, 827px\" \/><\/a>\n\t\t\t<\/div><\/figure>\n\t\t<\/div>\n\t\t<\/div>\n\t\t\t\t<\/div>\n\t\t\t\t<\/div>\n\t\t\t\t<div class=\"elementor-element elementor-element-da356b4 elementor-widget elementor-widget-text-editor\" data-id=\"da356b4\" data-element_type=\"widget\" data-widget_type=\"text-editor.default\">\n\t\t\t\t<div class=\"elementor-widget-container\">\n\t\t\t\t\t\t\t<p>15.01.2023 r.&nbsp;<\/p>\t\t\t\t\t\t<\/div>\n\t\t\t\t<\/div>\n\t\t\t\t<div class=\"elementor-element elementor-element-eb0b78a elementor-widget elementor-widget-image-gallery\" data-id=\"eb0b78a\" data-element_type=\"widget\" data-widget_type=\"image-gallery.default\">\n\t\t\t\t<div class=\"elementor-widget-container\">\n\t\t\t\t\t<div class=\"elementor-image-gallery\">\n\t\t\t<div id='gallery-2' class='gallery galleryid-300 gallery-columns-3 gallery-size-full'><figure class='gallery-item'>\n\t\t\t<div class='gallery-icon portrait'>\n\t\t\t\t<a data-elementor-open-lightbox=\"yes\" data-elementor-lightbox-slideshow=\"eb0b78a\" data-elementor-lightbox-title=\"str c01\" data-e-action-hash=\"#elementor-action%3Aaction%3Dlightbox%26settings%3DeyJpZCI6ODkwLCJ1cmwiOiJodHRwczpcL1wvd3d3Lmh5ZHJvZ2F6LnBpbm1lZGlhLmNvbS5wbFwvd3AtY29udGVudFwvdXBsb2Fkc1wvMjAyNFwvMDJcL3N0ci1jMDEuanBnIiwic2xpZGVzaG93IjoiZWIwYjc4YSJ9\" href='https:\/\/www.hydrogaz.pinmedia.com.pl\/wp-content\/uploads\/2024\/02\/str-c01.jpg'><img loading=\"lazy\" decoding=\"async\" width=\"827\" height=\"1169\" src=\"https:\/\/www.hydrogaz.pinmedia.com.pl\/wp-content\/uploads\/2024\/02\/str-c01.jpg\" class=\"attachment-full size-full\" alt=\"\" srcset=\"https:\/\/www.hydrogaz.pinmedia.com.pl\/wp-content\/uploads\/2024\/02\/str-c01.jpg 827w, https:\/\/www.hydrogaz.pinmedia.com.pl\/wp-content\/uploads\/2024\/02\/str-c01-212x300.jpg 212w, https:\/\/www.hydrogaz.pinmedia.com.pl\/wp-content\/uploads\/2024\/02\/str-c01-724x1024.jpg 724w, https:\/\/www.hydrogaz.pinmedia.com.pl\/wp-content\/uploads\/2024\/02\/str-c01-768x1086.jpg 768w\" sizes=\"(max-width: 827px) 100vw, 827px\" \/><\/a>\n\t\t\t<\/div><\/figure>\n\t\t<\/div>\n\t\t<\/div>\n\t\t\t\t<\/div>\n\t\t\t\t<\/div>\n\t\t\t\t<div class=\"elementor-element elementor-element-882fe55 elementor-widget elementor-widget-text-editor\" data-id=\"882fe55\" data-element_type=\"widget\" data-widget_type=\"text-editor.default\">\n\t\t\t\t<div class=\"elementor-widget-container\">\n\t\t\t\t\t\t\t<p>10.01.2023 r.\u00a0<\/p>\t\t\t\t\t\t<\/div>\n\t\t\t\t<\/div>\n\t\t\t\t<div class=\"elementor-element elementor-element-751906f elementor-widget elementor-widget-image-gallery\" data-id=\"751906f\" data-element_type=\"widget\" data-widget_type=\"image-gallery.default\">\n\t\t\t\t<div class=\"elementor-widget-container\">\n\t\t\t\t\t<div class=\"elementor-image-gallery\">\n\t\t\t<div id='gallery-3' class='gallery galleryid-300 gallery-columns-3 gallery-size-full'><figure class='gallery-item'>\n\t\t\t<div class='gallery-icon portrait'>\n\t\t\t\t<a data-elementor-open-lightbox=\"yes\" data-elementor-lightbox-slideshow=\"751906f\" data-elementor-lightbox-title=\"str b01\" data-e-action-hash=\"#elementor-action%3Aaction%3Dlightbox%26settings%3DeyJpZCI6ODg2LCJ1cmwiOiJodHRwczpcL1wvd3d3Lmh5ZHJvZ2F6LnBpbm1lZGlhLmNvbS5wbFwvd3AtY29udGVudFwvdXBsb2Fkc1wvMjAyNFwvMDJcL3N0ci1iMDEuanBnIiwic2xpZGVzaG93IjoiNzUxOTA2ZiJ9\" href='https:\/\/www.hydrogaz.pinmedia.com.pl\/wp-content\/uploads\/2024\/02\/str-b01.jpg'><img loading=\"lazy\" decoding=\"async\" width=\"1654\" height=\"2338\" src=\"https:\/\/www.hydrogaz.pinmedia.com.pl\/wp-content\/uploads\/2024\/02\/str-b01.jpg\" class=\"attachment-full size-full\" alt=\"\" srcset=\"https:\/\/www.hydrogaz.pinmedia.com.pl\/wp-content\/uploads\/2024\/02\/str-b01.jpg 1654w, https:\/\/www.hydrogaz.pinmedia.com.pl\/wp-content\/uploads\/2024\/02\/str-b01-212x300.jpg 212w, https:\/\/www.hydrogaz.pinmedia.com.pl\/wp-content\/uploads\/2024\/02\/str-b01-724x1024.jpg 724w, https:\/\/www.hydrogaz.pinmedia.com.pl\/wp-content\/uploads\/2024\/02\/str-b01-768x1086.jpg 768w, https:\/\/www.hydrogaz.pinmedia.com.pl\/wp-content\/uploads\/2024\/02\/str-b01-1087x1536.jpg 1087w, https:\/\/www.hydrogaz.pinmedia.com.pl\/wp-content\/uploads\/2024\/02\/str-b01-1449x2048.jpg 1449w, https:\/\/www.hydrogaz.pinmedia.com.pl\/wp-content\/uploads\/2024\/02\/str-b01-1200x1696.jpg 1200w\" sizes=\"(max-width: 1654px) 100vw, 1654px\" \/><\/a>\n\t\t\t<\/div><\/figure>\n\t\t<\/div>\n\t\t<\/div>\n\t\t\t\t<\/div>\n\t\t\t\t<\/div>\n\t\t\t\t<\/div>\n\t\t\t\t\t<\/div>\n\t\t\t\t<\/div>\n\t\t<div class=\"elementor-element elementor-element-d5a9bc5 e-flex e-con-boxed e-con e-parent\" data-id=\"d5a9bc5\" data-element_type=\"container\">\n\t\t\t\t\t<div class=\"e-con-inner\">\n\t\t\t\t<div class=\"elementor-element elementor-element-d0d99b0 elementor-widget elementor-widget-spacer\" data-id=\"d0d99b0\" data-element_type=\"widget\" data-widget_type=\"spacer.default\">\n\t\t\t\t<div class=\"elementor-widget-container\">\n\t\t\t\t\t<div class=\"elementor-spacer\">\n\t\t\t<div class=\"elementor-spacer-inner\"><\/div>\n\t\t<\/div>\n\t\t\t\t<\/div>\n\t\t\t\t<\/div>\n\t\t\t\t\t<\/div>\n\t\t\t\t<\/div>\n\t\t<div class=\"elementor-element elementor-element-fd7a155 e-flex e-con-boxed e-con e-parent\" data-id=\"fd7a155\" data-element_type=\"container\" data-settings=\"{&quot;background_background&quot;:&quot;classic&quot;}\">\n\t\t\t\t\t<div class=\"e-con-inner\">\n\t\t\t\t<div class=\"elementor-element elementor-element-7cda3c2 elementor-widget elementor-widget-spacer\" data-id=\"7cda3c2\" data-element_type=\"widget\" data-widget_type=\"spacer.default\">\n\t\t\t\t<div class=\"elementor-widget-container\">\n\t\t\t\t\t<div class=\"elementor-spacer\">\n\t\t\t<div class=\"elementor-spacer-inner\"><\/div>\n\t\t<\/div>\n\t\t\t\t<\/div>\n\t\t\t\t<\/div>\n\t\t\t\t\t<\/div>\n\t\t\t\t<\/div>\n\t\t<div class=\"elementor-element elementor-element-47d1e9c e-flex e-con-boxed e-con e-parent\" data-id=\"47d1e9c\" data-element_type=\"container\" data-settings=\"{&quot;background_background&quot;:&quot;classic&quot;}\">\n\t\t\t\t\t<div class=\"e-con-inner\">\n\t\t<div class=\"elementor-element elementor-element-a07b664 e-con-full e-flex e-con e-child\" data-id=\"a07b664\" data-element_type=\"container\">\n\t\t\t\t<\/div>\n\t\t<div class=\"elementor-element elementor-element-76b7f92 e-con-full e-flex e-con e-child\" data-id=\"76b7f92\" data-element_type=\"container\">\n\t\t\t\t<\/div>\n\t\t\t\t\t<\/div>\n\t\t\t\t<\/div>\n\t\t\t\t<\/div>\n\t\t","protected":false},"excerpt":{"rendered":"<p>Referencje W biznesie wiarygodno\u015b\u0107 jest warto\u015bci\u0105 nadrz\u0119dn\u0105. Dlatego te\u017c referencje, kt\u00f3re wystawiaj\u0105 nam nasi Klienci, s\u0105 dla nas bezcenne. Dzi\u0119ki tym referencjom tak\u017ce\u00a0i Ty mo\u017cesz oceni\u0107, czy masz do czynienia z firm\u0105 godn\u0105 zaufania. Zobacz\u00a0referencje 24.02.2023 r.\u00a0 15.01.2023 r.&nbsp; 10.01.2023 r.\u00a0<\/p>\n","protected":false},"author":2,"featured_media":0,"parent":0,"menu_order":0,"comment_status":"closed","ping_status":"closed","template":"elementor_header_footer","meta":{"footnotes":""},"_links":{"self":[{"href":"https:\/\/www.hydrogaz.pinmedia.com.pl\/index.php\/wp-json\/wp\/v2\/pages\/300"}],"collection":[{"href":"https:\/\/www.hydrogaz.pinmedia.com.pl\/index.php\/wp-json\/wp\/v2\/pages"}],"about":[{"href":"https:\/\/www.hydrogaz.pinmedia.com.pl\/index.php\/wp-json\/wp\/v2\/types\/page"}],"author":[{"embeddable":true,"href":"https:\/\/www.hydrogaz.pinmedia.com.pl\/index.php\/wp-json\/wp\/v2\/users\/2"}],"replies":[{"embeddable":true,"href":"https:\/\/www.hydrogaz.pinmedia.com.pl\/index.php\/wp-json\/wp\/v2\/comments?post=300"}],"version-history":[{"count":79,"href":"https:\/\/www.hydrogaz.pinmedia.com.pl\/index.php\/wp-json\/wp\/v2\/pages\/300\/revisions"}],"predecessor-version":[{"id":1048,"href":"https:\/\/www.hydrogaz.pinmedia.com.pl\/index.php\/wp-json\/wp\/v2\/pages\/300\/revisions\/1048"}],"wp:attachment":[{"href":"https:\/\/www.hydrogaz.pinmedia.com.pl\/index.php\/wp-json\/wp\/v2\/media?parent=300"}],"curies":[{"name":"wp","href":"https:\/\/api.w.org\/{rel}","templated":true}]}}