{"id":305,"date":"2024-02-21T12:54:10","date_gmt":"2024-02-21T12:54:10","guid":{"rendered":"http:\/\/www.hydrogaz.pinmedia.com.pl\/?page_id=305"},"modified":"2024-02-29T14:12:05","modified_gmt":"2024-02-29T14:12:05","slug":"zaufaj-nam","status":"publish","type":"page","link":"https:\/\/www.hydrogaz.pinmedia.com.pl\/index.php\/zaufaj-nam\/","title":{"rendered":"Zaufali nam"},"content":{"rendered":"\t\t<div data-elementor-type=\"wp-page\" data-elementor-id=\"305\" class=\"elementor elementor-305\" data-elementor-post-type=\"page\">\n\t\t\t\t<div class=\"elementor-element elementor-element-aea67b4 e-flex e-con-boxed e-con e-parent\" data-id=\"aea67b4\" data-element_type=\"container\" data-settings=\"{&quot;background_background&quot;:&quot;classic&quot;}\">\n\t\t\t\t\t<div class=\"e-con-inner\">\n\t\t<div class=\"elementor-element elementor-element-ddd553f e-con-full e-flex e-con e-child\" data-id=\"ddd553f\" data-element_type=\"container\">\n\t\t\t\t<div class=\"elementor-element elementor-element-a24d73a elementor-widget elementor-widget-heading\" data-id=\"a24d73a\" data-element_type=\"widget\" data-widget_type=\"heading.default\">\n\t\t\t\t<div class=\"elementor-widget-container\">\n\t\t\t<h2 class=\"elementor-heading-title elementor-size-default\">Zaufaj nam<\/h2>\t\t<\/div>\n\t\t\t\t<\/div>\n\t\t\t\t<div class=\"elementor-element elementor-element-1007977 elementor-widget elementor-widget-text-editor\" data-id=\"1007977\" data-element_type=\"widget\" data-widget_type=\"text-editor.default\">\n\t\t\t\t<div class=\"elementor-widget-container\">\n\t\t\t\t\t\t\t<p>Sp\u00f3\u0142ka Hydro-Gaz posiada do\u015bwiadczenie w stosowaniu partnerstwa biznesowego jako formy wsp\u00f3\u0142pracy.<\/p>\t\t\t\t\t\t<\/div>\n\t\t\t\t<\/div>\n\t\t\t\t<\/div>\n\t\t<div class=\"elementor-element elementor-element-f65a59a e-con-full e-flex e-con e-child\" data-id=\"f65a59a\" data-element_type=\"container\">\n\t\t\t\t<\/div>\n\t\t\t\t\t<\/div>\n\t\t\t\t<\/div>\n\t\t<div class=\"elementor-element elementor-element-7aef273 e-flex e-con-boxed e-con e-parent\" data-id=\"7aef273\" data-element_type=\"container\" data-settings=\"{&quot;background_background&quot;:&quot;classic&quot;}\">\n\t\t\t\t\t<div class=\"e-con-inner\">\n\t\t<div class=\"elementor-element elementor-element-055bd03 e-con-full e-flex e-con e-child\" data-id=\"055bd03\" data-element_type=\"container\">\n\t\t\t\t<div class=\"elementor-element elementor-element-3e50693 elementor-widget elementor-widget-text-editor\" data-id=\"3e50693\" data-element_type=\"widget\" data-widget_type=\"text-editor.default\">\n\t\t\t\t<div class=\"elementor-widget-container\">\n\t\t\t\t\t\t\t<p>Zrealizowali\u015bmy inwestycje<\/p>\t\t\t\t\t\t<\/div>\n\t\t\t\t<\/div>\n\t\t\t\t<\/div>\n\t\t<div class=\"elementor-element elementor-element-cc339ea e-con-full e-flex e-con e-child\" data-id=\"cc339ea\" data-element_type=\"container\">\n\t\t\t\t<div class=\"elementor-element elementor-element-cfd08a7 elementor-widget elementor-widget-image-carousel\" data-id=\"cfd08a7\" data-element_type=\"widget\" data-settings=\"{&quot;navigation&quot;:&quot;none&quot;,&quot;image_spacing_custom&quot;:{&quot;unit&quot;:&quot;px&quot;,&quot;size&quot;:22,&quot;sizes&quot;:[]},&quot;slides_to_show&quot;:&quot;3&quot;,&quot;slides_to_scroll&quot;:&quot;1&quot;,&quot;autoplay&quot;:&quot;yes&quot;,&quot;pause_on_hover&quot;:&quot;yes&quot;,&quot;pause_on_interaction&quot;:&quot;yes&quot;,&quot;autoplay_speed&quot;:5000,&quot;infinite&quot;:&quot;yes&quot;,&quot;speed&quot;:500,&quot;image_spacing_custom_tablet&quot;:{&quot;unit&quot;:&quot;px&quot;,&quot;size&quot;:&quot;&quot;,&quot;sizes&quot;:[]},&quot;image_spacing_custom_mobile&quot;:{&quot;unit&quot;:&quot;px&quot;,&quot;size&quot;:&quot;&quot;,&quot;sizes&quot;:[]}}\" data-widget_type=\"image-carousel.default\">\n\t\t\t\t<div class=\"elementor-widget-container\">\n\t\t\t\t\t<div class=\"elementor-image-carousel-wrapper swiper\" dir=\"ltr\">\n\t\t\t<div class=\"elementor-image-carousel swiper-wrapper\" aria-live=\"off\">\n\t\t\t\t\t\t\t\t<div class=\"swiper-slide\" role=\"group\" aria-roledescription=\"slide\" aria-label=\"1 z 3\"><figure class=\"swiper-slide-inner\"><img decoding=\"async\" class=\"swiper-slide-image\" src=\"https:\/\/www.hydrogaz.pinmedia.com.pl\/wp-content\/uploads\/2024\/02\/logo-system-gaz1.png\" alt=\"logo-system-gaz1\" \/><\/figure><\/div><div class=\"swiper-slide\" role=\"group\" aria-roledescription=\"slide\" aria-label=\"2 z 3\"><figure class=\"swiper-slide-inner\"><img decoding=\"async\" class=\"swiper-slide-image\" src=\"https:\/\/www.hydrogaz.pinmedia.com.pl\/wp-content\/uploads\/2024\/02\/logo-system-gaz2.png\" alt=\"logo-system-gaz2\" \/><\/figure><\/div><div class=\"swiper-slide\" role=\"group\" aria-roledescription=\"slide\" aria-label=\"3 z 3\"><figure class=\"swiper-slide-inner\"><img decoding=\"async\" class=\"swiper-slide-image\" src=\"https:\/\/www.hydrogaz.pinmedia.com.pl\/wp-content\/uploads\/2024\/02\/logo-system-gaz3.png\" alt=\"logo-system-gaz3\" \/><\/figure><\/div>\t\t\t<\/div>\n\t\t\t\t\t\t\t\n\t\t\t\t\t\t\t\t\t<\/div>\n\t\t\t\t<\/div>\n\t\t\t\t<\/div>\n\t\t\t\t<\/div>\n\t\t\t\t\t<\/div>\n\t\t\t\t<\/div>\n\t\t<div class=\"elementor-element elementor-element-fd7a155 e-flex e-con-boxed e-con e-parent\" data-id=\"fd7a155\" data-element_type=\"container\" data-settings=\"{&quot;background_background&quot;:&quot;classic&quot;}\">\n\t\t\t\t\t<div class=\"e-con-inner\">\n\t\t\t\t<div class=\"elementor-element elementor-element-7cda3c2 elementor-widget elementor-widget-spacer\" data-id=\"7cda3c2\" data-element_type=\"widget\" data-widget_type=\"spacer.default\">\n\t\t\t\t<div class=\"elementor-widget-container\">\n\t\t\t\t\t<div class=\"elementor-spacer\">\n\t\t\t<div class=\"elementor-spacer-inner\"><\/div>\n\t\t<\/div>\n\t\t\t\t<\/div>\n\t\t\t\t<\/div>\n\t\t\t\t\t<\/div>\n\t\t\t\t<\/div>\n\t\t<div class=\"elementor-element elementor-element-47d1e9c e-flex e-con-boxed e-con e-parent\" data-id=\"47d1e9c\" data-element_type=\"container\" data-settings=\"{&quot;background_background&quot;:&quot;classic&quot;}\">\n\t\t\t\t\t<div class=\"e-con-inner\">\n\t\t<div class=\"elementor-element elementor-element-a07b664 e-con-full e-flex e-con e-child\" data-id=\"a07b664\" data-element_type=\"container\">\n\t\t\t\t<\/div>\n\t\t<div class=\"elementor-element elementor-element-76b7f92 e-con-full e-flex e-con e-child\" data-id=\"76b7f92\" data-element_type=\"container\">\n\t\t\t\t<\/div>\n\t\t\t\t\t<\/div>\n\t\t\t\t<\/div>\n\t\t\t\t<\/div>\n\t\t","protected":false},"excerpt":{"rendered":"<p>Zaufaj nam Sp\u00f3\u0142ka Hydro-Gaz posiada do\u015bwiadczenie w stosowaniu partnerstwa biznesowego jako formy wsp\u00f3\u0142pracy. Zrealizowali\u015bmy inwestycje<\/p>\n","protected":false},"author":2,"featured_media":0,"parent":0,"menu_order":0,"comment_status":"closed","ping_status":"closed","template":"elementor_header_footer","meta":{"footnotes":""},"_links":{"self":[{"href":"https:\/\/www.hydrogaz.pinmedia.com.pl\/index.php\/wp-json\/wp\/v2\/pages\/305"}],"collection":[{"href":"https:\/\/www.hydrogaz.pinmedia.com.pl\/index.php\/wp-json\/wp\/v2\/pages"}],"about":[{"href":"https:\/\/www.hydrogaz.pinmedia.com.pl\/index.php\/wp-json\/wp\/v2\/types\/page"}],"author":[{"embeddable":true,"href":"https:\/\/www.hydrogaz.pinmedia.com.pl\/index.php\/wp-json\/wp\/v2\/users\/2"}],"replies":[{"embeddable":true,"href":"https:\/\/www.hydrogaz.pinmedia.com.pl\/index.php\/wp-json\/wp\/v2\/comments?post=305"}],"version-history":[{"count":62,"href":"https:\/\/www.hydrogaz.pinmedia.com.pl\/index.php\/wp-json\/wp\/v2\/pages\/305\/revisions"}],"predecessor-version":[{"id":1045,"href":"https:\/\/www.hydrogaz.pinmedia.com.pl\/index.php\/wp-json\/wp\/v2\/pages\/305\/revisions\/1045"}],"wp:attachment":[{"href":"https:\/\/www.hydrogaz.pinmedia.com.pl\/index.php\/wp-json\/wp\/v2\/media?parent=305"}],"curies":[{"name":"wp","href":"https:\/\/api.w.org\/{rel}","templated":true}]}}